{"id":111,"date":"2024-05-28T09:46:03","date_gmt":"2024-05-28T09:46:03","guid":{"rendered":"https:\/\/mazecapital.com.br\/?page_id=111"},"modified":"2024-05-28T10:10:33","modified_gmt":"2024-05-28T10:10:33","slug":"hotel-logistico","status":"publish","type":"page","link":"https:\/\/mazecapital.com.br\/?page_id=111","title":{"rendered":"O QUE \u00c9 O HOTEL LOG\u00cdSTICO?"},"content":{"rendered":"\n<p class=\"\">O Hotel Log\u00edstico da Sparkle \u00e9 uma inovadora rede de hub log\u00edstico urbano, localizado estrategicamente em no centro do Rio de Janeiro.<\/p>\n\n\n\n<p class=\"\">Desenvolvido especificamente para suprir as demandas crescentes de operadores log\u00edsticos, marcas digitais e varejistas de e-commerce, este \u00e9 um ecossistema de solu\u00e7\u00f5es log\u00edsticas eficientes e dur\u00e1veis para diferentes segmentos.<\/p>\n","protected":false},"excerpt":{"rendered":"<p>O Hotel Log\u00edstico da Sparkle \u00e9 uma inovadora rede de hub log\u00edstico urbano, localizado estrategicamente [&hellip;]<\/p>\n","protected":false},"author":1,"featured_media":0,"parent":0,"menu_order":0,"comment_status":"closed","ping_status":"closed","template":"wp-custom-template-servicos","meta":{"nf_dc_page":"","om_disable_all_campaigns":false,"_monsterinsights_skip_tracking":false,"_monsterinsights_sitenote_active":false,"_monsterinsights_sitenote_note":"","_monsterinsights_sitenote_category":0,"footnotes":""},"class_list":["post-111","page","type-page","status-publish","hentry"],"yoast_head":"<!-- This site is optimized with the Yoast SEO plugin v27.3 - https:\/\/yoast.com\/product\/yoast-seo-wordpress\/ -->\n<title>O QUE \u00c9 O HOTEL LOG\u00cdSTICO? - Maze Capital<\/title>\n<meta name=\"robots\" content=\"index, follow, max-snippet:-1, max-image-preview:large, max-video-preview:-1\" \/>\n<link rel=\"canonical\" href=\"https:\/\/mazecapital.com.br\/?page_id=111\" \/>\n<meta property=\"og:locale\" content=\"en_US\" \/>\n<meta property=\"og:type\" content=\"article\" \/>\n<meta property=\"og:title\" content=\"O QUE \u00c9 O HOTEL LOG\u00cdSTICO? - Maze Capital\" \/>\n<meta property=\"og:description\" content=\"O Hotel Log\u00edstico da Sparkle \u00e9 uma inovadora rede de hub log\u00edstico urbano, localizado estrategicamente [&hellip;]\" \/>\n<meta property=\"og:url\" content=\"https:\/\/mazecapital.com.br\/?page_id=111\" \/>\n<meta property=\"og:site_name\" content=\"Maze Capital\" \/>\n<meta property=\"article:modified_time\" content=\"2024-05-28T10:10:33+00:00\" \/>\n<meta name=\"twitter:card\" content=\"summary_large_image\" \/>\n<meta name=\"twitter:label1\" content=\"Est. reading time\" \/>\n\t<meta name=\"twitter:data1\" content=\"1 minute\" \/>\n<script type=\"application\/ld+json\" class=\"yoast-schema-graph\">{\"@context\":\"https:\\\/\\\/schema.org\",\"@graph\":[{\"@type\":\"WebPage\",\"@id\":\"https:\\\/\\\/mazecapital.com.br\\\/?page_id=111\",\"url\":\"https:\\\/\\\/mazecapital.com.br\\\/?page_id=111\",\"name\":\"O QUE \u00c9 O HOTEL LOG\u00cdSTICO? - Maze Capital\",\"isPartOf\":{\"@id\":\"https:\\\/\\\/mazecapital.com.br\\\/#website\"},\"datePublished\":\"2024-05-28T09:46:03+00:00\",\"dateModified\":\"2024-05-28T10:10:33+00:00\",\"breadcrumb\":{\"@id\":\"https:\\\/\\\/mazecapital.com.br\\\/?page_id=111#breadcrumb\"},\"inLanguage\":\"en-US\",\"potentialAction\":[{\"@type\":\"ReadAction\",\"target\":[\"https:\\\/\\\/mazecapital.com.br\\\/?page_id=111\"]}]},{\"@type\":\"BreadcrumbList\",\"@id\":\"https:\\\/\\\/mazecapital.com.br\\\/?page_id=111#breadcrumb\",\"itemListElement\":[{\"@type\":\"ListItem\",\"position\":1,\"name\":\"Home\",\"item\":\"https:\\\/\\\/mazecapital.com.br\\\/\"},{\"@type\":\"ListItem\",\"position\":2,\"name\":\"O QUE \u00c9 O HOTEL LOG\u00cdSTICO?\"}]},{\"@type\":\"WebSite\",\"@id\":\"https:\\\/\\\/mazecapital.com.br\\\/#website\",\"url\":\"https:\\\/\\\/mazecapital.com.br\\\/\",\"name\":\"Maze Capital\",\"description\":\"Asset Management\",\"publisher\":{\"@id\":\"https:\\\/\\\/mazecapital.com.br\\\/#organization\"},\"potentialAction\":[{\"@type\":\"SearchAction\",\"target\":{\"@type\":\"EntryPoint\",\"urlTemplate\":\"https:\\\/\\\/mazecapital.com.br\\\/?s={search_term_string}\"},\"query-input\":{\"@type\":\"PropertyValueSpecification\",\"valueRequired\":true,\"valueName\":\"search_term_string\"}}],\"inLanguage\":\"en-US\"},{\"@type\":\"Organization\",\"@id\":\"https:\\\/\\\/mazecapital.com.br\\\/#organization\",\"name\":\"Maze Capital\",\"url\":\"https:\\\/\\\/mazecapital.com.br\\\/\",\"logo\":{\"@type\":\"ImageObject\",\"inLanguage\":\"en-US\",\"@id\":\"https:\\\/\\\/mazecapital.com.br\\\/#\\\/schema\\\/logo\\\/image\\\/\",\"url\":\"https:\\\/\\\/i0.wp.com\\\/mazecapital.com.br\\\/wp-content\\\/uploads\\\/2023\\\/05\\\/Logo.png?fit=541%2C182&ssl=1\",\"contentUrl\":\"https:\\\/\\\/i0.wp.com\\\/mazecapital.com.br\\\/wp-content\\\/uploads\\\/2023\\\/05\\\/Logo.png?fit=541%2C182&ssl=1\",\"width\":541,\"height\":182,\"caption\":\"Maze Capital\"},\"image\":{\"@id\":\"https:\\\/\\\/mazecapital.com.br\\\/#\\\/schema\\\/logo\\\/image\\\/\"}}]}<\/script>\n<!-- \/ Yoast SEO plugin. -->","yoast_head_json":{"title":"O QUE \u00c9 O HOTEL LOG\u00cdSTICO? - Maze Capital","robots":{"index":"index","follow":"follow","max-snippet":"max-snippet:-1","max-image-preview":"max-image-preview:large","max-video-preview":"max-video-preview:-1"},"canonical":"https:\/\/mazecapital.com.br\/?page_id=111","og_locale":"en_US","og_type":"article","og_title":"O QUE \u00c9 O HOTEL LOG\u00cdSTICO? - Maze Capital","og_description":"O Hotel Log\u00edstico da Sparkle \u00e9 uma inovadora rede de hub log\u00edstico urbano, localizado estrategicamente [&hellip;]","og_url":"https:\/\/mazecapital.com.br\/?page_id=111","og_site_name":"Maze Capital","article_modified_time":"2024-05-28T10:10:33+00:00","twitter_card":"summary_large_image","twitter_misc":{"Est. reading time":"1 minute"},"schema":{"@context":"https:\/\/schema.org","@graph":[{"@type":"WebPage","@id":"https:\/\/mazecapital.com.br\/?page_id=111","url":"https:\/\/mazecapital.com.br\/?page_id=111","name":"O QUE \u00c9 O HOTEL LOG\u00cdSTICO? - Maze Capital","isPartOf":{"@id":"https:\/\/mazecapital.com.br\/#website"},"datePublished":"2024-05-28T09:46:03+00:00","dateModified":"2024-05-28T10:10:33+00:00","breadcrumb":{"@id":"https:\/\/mazecapital.com.br\/?page_id=111#breadcrumb"},"inLanguage":"en-US","potentialAction":[{"@type":"ReadAction","target":["https:\/\/mazecapital.com.br\/?page_id=111"]}]},{"@type":"BreadcrumbList","@id":"https:\/\/mazecapital.com.br\/?page_id=111#breadcrumb","itemListElement":[{"@type":"ListItem","position":1,"name":"Home","item":"https:\/\/mazecapital.com.br\/"},{"@type":"ListItem","position":2,"name":"O QUE \u00c9 O HOTEL LOG\u00cdSTICO?"}]},{"@type":"WebSite","@id":"https:\/\/mazecapital.com.br\/#website","url":"https:\/\/mazecapital.com.br\/","name":"Maze Capital","description":"Asset Management","publisher":{"@id":"https:\/\/mazecapital.com.br\/#organization"},"potentialAction":[{"@type":"SearchAction","target":{"@type":"EntryPoint","urlTemplate":"https:\/\/mazecapital.com.br\/?s={search_term_string}"},"query-input":{"@type":"PropertyValueSpecification","valueRequired":true,"valueName":"search_term_string"}}],"inLanguage":"en-US"},{"@type":"Organization","@id":"https:\/\/mazecapital.com.br\/#organization","name":"Maze Capital","url":"https:\/\/mazecapital.com.br\/","logo":{"@type":"ImageObject","inLanguage":"en-US","@id":"https:\/\/mazecapital.com.br\/#\/schema\/logo\/image\/","url":"https:\/\/i0.wp.com\/mazecapital.com.br\/wp-content\/uploads\/2023\/05\/Logo.png?fit=541%2C182&ssl=1","contentUrl":"https:\/\/i0.wp.com\/mazecapital.com.br\/wp-content\/uploads\/2023\/05\/Logo.png?fit=541%2C182&ssl=1","width":541,"height":182,"caption":"Maze Capital"},"image":{"@id":"https:\/\/mazecapital.com.br\/#\/schema\/logo\/image\/"}}]}},"jetpack_sharing_enabled":true,"_links":{"self":[{"href":"https:\/\/mazecapital.com.br\/index.php?rest_route=\/wp\/v2\/pages\/111","targetHints":{"allow":["GET"]}}],"collection":[{"href":"https:\/\/mazecapital.com.br\/index.php?rest_route=\/wp\/v2\/pages"}],"about":[{"href":"https:\/\/mazecapital.com.br\/index.php?rest_route=\/wp\/v2\/types\/page"}],"author":[{"embeddable":true,"href":"https:\/\/mazecapital.com.br\/index.php?rest_route=\/wp\/v2\/users\/1"}],"replies":[{"embeddable":true,"href":"https:\/\/mazecapital.com.br\/index.php?rest_route=%2Fwp%2Fv2%2Fcomments&post=111"}],"version-history":[{"count":3,"href":"https:\/\/mazecapital.com.br\/index.php?rest_route=\/wp\/v2\/pages\/111\/revisions"}],"predecessor-version":[{"id":171,"href":"https:\/\/mazecapital.com.br\/index.php?rest_route=\/wp\/v2\/pages\/111\/revisions\/171"}],"wp:attachment":[{"href":"https:\/\/mazecapital.com.br\/index.php?rest_route=%2Fwp%2Fv2%2Fmedia&parent=111"}],"curies":[{"name":"wp","href":"https:\/\/api.w.org\/{rel}","templated":true}]}}